{"id":203,"date":"2020-06-01T12:28:36","date_gmt":"2020-06-01T10:28:36","guid":{"rendered":"http:\/\/www.airial-architectures.fr\/V6\/?page_id=203"},"modified":"2022-09-21T20:42:21","modified_gmt":"2022-09-21T18:42:21","slug":"legales","status":"publish","type":"page","link":"http:\/\/www.airial-architectures.fr\/index.php\/legales\/","title":{"rendered":"L\u00e9gales"},"content":{"rendered":"\t\t<div data-elementor-type=\"wp-page\" data-elementor-id=\"203\" class=\"elementor elementor-203\">\n\t\t\t\t\t\t<div class=\"elementor-inner\">\n\t\t\t\t<div class=\"elementor-section-wrap\">\n\t\t\t\t\t\t\t\t\t<section class=\"elementor-section elementor-top-section elementor-element elementor-element-2c93518 elementor-section-boxed elementor-section-height-default elementor-section-height-default elementor-invisible\" data-id=\"2c93518\" data-element_type=\"section\" data-settings=\"{&quot;animation&quot;:&quot;fadeIn&quot;}\">\n\t\t\t\t\t\t<div class=\"elementor-container elementor-column-gap-default\">\n\t\t\t\t\t\t\t<div class=\"elementor-row\">\n\t\t\t\t\t<div class=\"elementor-column elementor-col-100 elementor-top-column elementor-element elementor-element-60aa492\" data-id=\"60aa492\" data-element_type=\"column\">\n\t\t\t<div class=\"elementor-column-wrap elementor-element-populated\">\n\t\t\t\t\t\t\t<div class=\"elementor-widget-wrap\">\n\t\t\t\t\t\t<div class=\"elementor-element elementor-element-5187b2f elementor-widget-divider--view-line elementor-widget elementor-widget-divider\" data-id=\"5187b2f\" data-element_type=\"widget\" data-widget_type=\"divider.default\">\n\t\t\t\t<div class=\"elementor-widget-container\">\n\t\t\t\t\t<div class=\"elementor-divider\">\n\t\t\t<span class=\"elementor-divider-separator\">\n\t\t\t\t\t\t<\/span>\n\t\t<\/div>\n\t\t\t\t<\/div>\n\t\t\t\t<\/div>\n\t\t\t\t<div class=\"elementor-element elementor-element-751c0c1 elementor-widget__width-inherit elementor-invisible elementor-widget elementor-widget-heading\" data-id=\"751c0c1\" data-element_type=\"widget\" data-settings=\"{&quot;_animation&quot;:&quot;fadeIn&quot;}\" data-widget_type=\"heading.default\">\n\t\t\t\t<div class=\"elementor-widget-container\">\n\t\t\t<h2 class=\"elementor-heading-title elementor-size-default\">Mentions l\u00e9gales<\/h2>\t\t<\/div>\n\t\t\t\t<\/div>\n\t\t\t\t\t\t<\/div>\n\t\t\t\t\t<\/div>\n\t\t<\/div>\n\t\t\t\t\t\t\t\t<\/div>\n\t\t\t\t\t<\/div>\n\t\t<\/section>\n\t\t\t\t<section class=\"elementor-section elementor-top-section elementor-element elementor-element-faa19a1 elementor-section-boxed elementor-section-height-default elementor-section-height-default elementor-invisible\" data-id=\"faa19a1\" data-element_type=\"section\" data-settings=\"{&quot;animation&quot;:&quot;fadeIn&quot;}\">\n\t\t\t\t\t\t<div class=\"elementor-container elementor-column-gap-default\">\n\t\t\t\t\t\t\t<div class=\"elementor-row\">\n\t\t\t\t\t<div class=\"elementor-column elementor-col-33 elementor-top-column elementor-element elementor-element-37e47b4 elementor-invisible\" data-id=\"37e47b4\" data-element_type=\"column\" data-settings=\"{&quot;animation&quot;:&quot;fadeIn&quot;}\">\n\t\t\t<div class=\"elementor-column-wrap elementor-element-populated\">\n\t\t\t\t\t\t\t<div class=\"elementor-widget-wrap\">\n\t\t\t\t\t\t<div class=\"elementor-element elementor-element-64a2557 elementor-widget elementor-widget-heading\" data-id=\"64a2557\" data-element_type=\"widget\" data-widget_type=\"heading.default\">\n\t\t\t\t<div class=\"elementor-widget-container\">\n\t\t\t<h3 class=\"elementor-heading-title elementor-size-default\">Publication<\/h3>\t\t<\/div>\n\t\t\t\t<\/div>\n\t\t\t\t<div class=\"elementor-element elementor-element-3b48d1c elementor-widget elementor-widget-text-editor\" data-id=\"3b48d1c\" data-element_type=\"widget\" data-widget_type=\"text-editor.default\">\n\t\t\t\t<div class=\"elementor-widget-container\">\n\t\t\t\t\t\t\t\t<div class=\"elementor-text-editor elementor-clearfix\">\n\t\t\t\t<h6>Directeur de publication: Mathieu Cadic<\/h6><h6><a href=\"mailto:airial@airial.archi?subject=Demande%20de%20renseignements\" target=\"_self\" data-content=\"airial@airial.archi\" data-type=\"mail\">airial@airial.archi<\/a><\/h6><h6>+33 4 72 33 18 31<\/h6><h6>AIRIAL architectures<\/h6><h6>14 rue Martin &#8211; 69003 Lyon &#8211; France<\/h6><h6>SARL au capital de 2 000 euros<\/h6><h6>RCS Lyon 515 035 301<\/h6><h6>SIREN 515 035 301 00032<\/h6><h6>TVA intracommunautaire: FR93 515 035 301<\/h6>\t\t\t\t\t<\/div>\n\t\t\t\t\t\t<\/div>\n\t\t\t\t<\/div>\n\t\t\t\t\t\t<\/div>\n\t\t\t\t\t<\/div>\n\t\t<\/div>\n\t\t\t\t<div class=\"elementor-column elementor-col-33 elementor-top-column elementor-element elementor-element-91839bc elementor-invisible\" data-id=\"91839bc\" data-element_type=\"column\" data-settings=\"{&quot;animation&quot;:&quot;fadeIn&quot;}\">\n\t\t\t<div class=\"elementor-column-wrap elementor-element-populated\">\n\t\t\t\t\t\t\t<div class=\"elementor-widget-wrap\">\n\t\t\t\t\t\t<div class=\"elementor-element elementor-element-848a384 elementor-widget elementor-widget-heading\" data-id=\"848a384\" data-element_type=\"widget\" data-widget_type=\"heading.default\">\n\t\t\t\t<div class=\"elementor-widget-container\">\n\t\t\t<h3 class=\"elementor-heading-title elementor-size-default\">H\u00e9bergement<\/h3>\t\t<\/div>\n\t\t\t\t<\/div>\n\t\t\t\t<div class=\"elementor-element elementor-element-5f82284 elementor-widget elementor-widget-text-editor\" data-id=\"5f82284\" data-element_type=\"widget\" data-widget_type=\"text-editor.default\">\n\t\t\t\t<div class=\"elementor-widget-container\">\n\t\t\t\t\t\t\t\t<div class=\"elementor-text-editor elementor-clearfix\">\n\t\t\t\t<h6>OVH<\/h6><h6>2 rue Kellermann &#8211; 59100 Roubaix &#8211; France<\/h6><h6>+33 820 69 87 65<\/h6>\t\t\t\t\t<\/div>\n\t\t\t\t\t\t<\/div>\n\t\t\t\t<\/div>\n\t\t\t\t\t\t<\/div>\n\t\t\t\t\t<\/div>\n\t\t<\/div>\n\t\t\t\t<div class=\"elementor-column elementor-col-33 elementor-top-column elementor-element elementor-element-d3eccad elementor-invisible\" data-id=\"d3eccad\" data-element_type=\"column\" data-settings=\"{&quot;animation&quot;:&quot;fadeIn&quot;}\">\n\t\t\t<div class=\"elementor-column-wrap elementor-element-populated\">\n\t\t\t\t\t\t\t<div class=\"elementor-widget-wrap\">\n\t\t\t\t\t\t<div class=\"elementor-element elementor-element-5d52d8b elementor-widget elementor-widget-heading\" data-id=\"5d52d8b\" data-element_type=\"widget\" data-widget_type=\"heading.default\">\n\t\t\t\t<div class=\"elementor-widget-container\">\n\t\t\t<h3 class=\"elementor-heading-title elementor-size-default\">Ordre des architectes<\/h3>\t\t<\/div>\n\t\t\t\t<\/div>\n\t\t\t\t<div class=\"elementor-element elementor-element-349c777 elementor-widget elementor-widget-text-editor\" data-id=\"349c777\" data-element_type=\"widget\" data-widget_type=\"text-editor.default\">\n\t\t\t\t<div class=\"elementor-widget-container\">\n\t\t\t\t\t\t\t\t<div class=\"elementor-text-editor elementor-clearfix\">\n\t\t\t\t<h6>Inscription individuelle et soci\u00e9t\u00e9 au Conseil R\u00e9gional de l&#8217;Ordre des Architectes Auvergne-Rh\u00f4ne-Alpes.<\/h6><h6>N\u00b0 national soci\u00e9t\u00e9: S13414<\/h6><h6>N\u00b0 national individuel: 047022<\/h6>\t\t\t\t\t<\/div>\n\t\t\t\t\t\t<\/div>\n\t\t\t\t<\/div>\n\t\t\t\t\t\t<\/div>\n\t\t\t\t\t<\/div>\n\t\t<\/div>\n\t\t\t\t\t\t\t\t<\/div>\n\t\t\t\t\t<\/div>\n\t\t<\/section>\n\t\t\t\t<section class=\"elementor-section elementor-top-section elementor-element elementor-element-da09ff3 elementor-section-boxed elementor-section-height-default elementor-section-height-default elementor-invisible\" data-id=\"da09ff3\" data-element_type=\"section\" data-settings=\"{&quot;animation&quot;:&quot;fadeIn&quot;}\">\n\t\t\t\t\t\t<div class=\"elementor-container elementor-column-gap-default\">\n\t\t\t\t\t\t\t<div class=\"elementor-row\">\n\t\t\t\t\t<div class=\"elementor-column elementor-col-100 elementor-top-column elementor-element elementor-element-0e089e6\" data-id=\"0e089e6\" data-element_type=\"column\">\n\t\t\t<div class=\"elementor-column-wrap elementor-element-populated\">\n\t\t\t\t\t\t\t<div class=\"elementor-widget-wrap\">\n\t\t\t\t\t\t<div class=\"elementor-element elementor-element-cfbfd64 elementor-widget-divider--view-line elementor-widget elementor-widget-divider\" data-id=\"cfbfd64\" data-element_type=\"widget\" data-widget_type=\"divider.default\">\n\t\t\t\t<div class=\"elementor-widget-container\">\n\t\t\t\t\t<div class=\"elementor-divider\">\n\t\t\t<span class=\"elementor-divider-separator\">\n\t\t\t\t\t\t<\/span>\n\t\t<\/div>\n\t\t\t\t<\/div>\n\t\t\t\t<\/div>\n\t\t\t\t<div class=\"elementor-element elementor-element-e2c8597 elementor-widget elementor-widget-heading\" data-id=\"e2c8597\" data-element_type=\"widget\" data-widget_type=\"heading.default\">\n\t\t\t\t<div class=\"elementor-widget-container\">\n\t\t\t<h2 class=\"elementor-heading-title elementor-size-default\">Tarifs<\/h2>\t\t<\/div>\n\t\t\t\t<\/div>\n\t\t\t\t\t\t<\/div>\n\t\t\t\t\t<\/div>\n\t\t<\/div>\n\t\t\t\t\t\t\t\t<\/div>\n\t\t\t\t\t<\/div>\n\t\t<\/section>\n\t\t\t\t<section class=\"elementor-section elementor-top-section elementor-element elementor-element-b2e1677 elementor-section-boxed elementor-section-height-default elementor-section-height-default elementor-invisible\" data-id=\"b2e1677\" data-element_type=\"section\" data-settings=\"{&quot;animation&quot;:&quot;fadeIn&quot;}\">\n\t\t\t\t\t\t<div class=\"elementor-container elementor-column-gap-default\">\n\t\t\t\t\t\t\t<div class=\"elementor-row\">\n\t\t\t\t\t<div class=\"elementor-column elementor-col-100 elementor-top-column elementor-element elementor-element-4273d86\" data-id=\"4273d86\" data-element_type=\"column\">\n\t\t\t<div class=\"elementor-column-wrap elementor-element-populated\">\n\t\t\t\t\t\t\t<div class=\"elementor-widget-wrap\">\n\t\t\t\t\t\t<div class=\"elementor-element elementor-element-03a9ff0 elementor-widget elementor-widget-text-editor\" data-id=\"03a9ff0\" data-element_type=\"widget\" data-widget_type=\"text-editor.default\">\n\t\t\t\t<div class=\"elementor-widget-container\">\n\t\t\t\t\t\t\t\t<div class=\"elementor-text-editor elementor-clearfix\">\n\t\t\t\t<h3>Calcul des honoraires<\/h3><h6>Les honoraires sont librement n\u00e9goci\u00e9s entre le ma\u00eetre d&#8217;ouvrage et l&#8217;architecte (Ordonnance du 1er d\u00e9cembre 1986 relative \u00e0 la libert\u00e9 des prix et de la concurrence). Ils d\u00e9pendent essentiellement de trois facteurs: le co\u00fbt de l&#8217;op\u00e9ration, sa complexit\u00e9, et l&#8217;\u00e9tendue de la mission que vous lui confierez.Pour AIRIAL architectures, ils font l&#8217;objet d&#8217;un forfait d\u00e9termin\u00e9 et fix\u00e9 contractuellement avant le d\u00e9but de toutes missions.Cette valeur n&#8217;est alors reconsid\u00e9r\u00e9e que d&#8217;un commun accord entre les parties lorsqu&#8217;il y a modification du programme initial ou de l&#8217;importance de la mission.Merci de nous consulter pour toutes missions de conception et\/ou de ma\u00eetrise d&#8217;oeuvre, compl\u00e8tes ou partielles, de l&#8217;avant-projet jusqu&#8217;\u00e0 la r\u00e9ception des travaux, dossier de permis de construire compris.<\/h6><div id=\"comp-katxjmms\" class=\"txtNew\" data-packed=\"true\" data-vertical-text=\"false\"><h3>Vacations horaires<\/h3><h6>Notre co\u00fbt horaire est g\u00e9n\u00e9ralement situ\u00e9 dans une fourchette allant de 80.00\u20acTTC \u00e0 90.00\u20acTTC selon le taux de TVA applicable, en r\u00e9novation ou en neuf. Il concerne les \u00e9tudes pr\u00e9alables (\u00e9tudes de faisabilit\u00e9) et les missions compl\u00e9mentaires (relev\u00e9 de l&#8217;existant, diagnostic,&#8230;).<\/h6><h3><span class=\"wixGuard\">\u00a0<\/span>Exemples de missions forfaitaires<\/h3><ul><li><h6>Etude de faisabilit\u00e9 pour la cr\u00e9ation d&#8217;une maison individuelle en m\u00e9tropole lyonnaise : 900\u20ac TTC<\/h6><\/li><li><h6>Audit \u00e9nerg\u00e9tique en maison individuelle: 1 800\u20ac TTC.<\/h6><\/li><li><h6>Mission permis de construire : \u00e0 partir de 4 000\u20ac TTC<\/h6><\/li><li><h6>Nous consulter pour toutes autres demandes<\/h6><\/li><\/ul><\/div>\t\t\t\t\t<\/div>\n\t\t\t\t\t\t<\/div>\n\t\t\t\t<\/div>\n\t\t\t\t\t\t<\/div>\n\t\t\t\t\t<\/div>\n\t\t<\/div>\n\t\t\t\t\t\t\t\t<\/div>\n\t\t\t\t\t<\/div>\n\t\t<\/section>\n\t\t\t\t\t\t\t\t\t<\/div>\n\t\t\t<\/div>\n\t\t\t\t\t<\/div>\n\t\t","protected":false},"excerpt":{"rendered":"<p>Mentions l\u00e9gales Publication Directeur de publication: Mathieu Cadic airial@airial.archi +33 4 72 33 18 31 AIRIAL architectures 14 rue Martin &#8211; 69003 Lyon &#8211; France SARL au capital de 2 000 euros RCS Lyon 515 035 301 SIREN 515 035 301 00032 TVA intracommunautaire: FR93 515 035 301 H\u00e9bergement OVH 2 rue Kellermann &#8211; 59100 &hellip;<\/p>\n<p class=\"read-more\"> <a class=\"\" href=\"http:\/\/www.airial-architectures.fr\/index.php\/legales\/\"> <span class=\"screen-reader-text\">L\u00e9gales<\/span> Lire la suite\u00a0\u00bb<\/a><\/p>\n","protected":false},"author":1,"featured_media":0,"parent":0,"menu_order":5,"comment_status":"closed","ping_status":"closed","template":"","meta":{"site-sidebar-layout":"no-sidebar","site-content-layout":"page-builder","ast-global-header-display":"","ast-main-header-display":"","ast-hfb-above-header-display":"","ast-hfb-below-header-display":"","ast-hfb-mobile-header-display":"","site-post-title":"disabled","ast-breadcrumbs-content":"","ast-featured-img":"disabled","footer-sml-layout":"","theme-transparent-header-meta":"default","adv-header-id-meta":"","stick-header-meta":"","header-above-stick-meta":"","header-main-stick-meta":"","header-below-stick-meta":"","footnotes":""},"class_list":["post-203","page","type-page","status-publish","hentry"],"yoast_head":"<!-- This site is optimized with the Yoast SEO plugin v19.6.1 - https:\/\/yoast.com\/wordpress\/plugins\/seo\/ -->\n<title>L\u00e9gales - AIRIAL architectures<\/title>\n<meta name=\"robots\" content=\"index, follow, max-snippet:-1, max-image-preview:large, max-video-preview:-1\" \/>\n<link rel=\"canonical\" href=\"https:\/\/www.airial-architectures.fr\/index.php\/legales\/\" \/>\n<meta property=\"og:locale\" content=\"fr_FR\" \/>\n<meta property=\"og:type\" content=\"article\" \/>\n<meta property=\"og:title\" content=\"L\u00e9gales - AIRIAL architectures\" \/>\n<meta property=\"og:description\" content=\"Mentions l\u00e9gales Publication Directeur de publication: Mathieu Cadic airial@airial.archi +33 4 72 33 18 31 AIRIAL architectures 14 rue Martin &#8211; 69003 Lyon &#8211; France SARL au capital de 2 000 euros RCS Lyon 515 035 301 SIREN 515 035 301 00032 TVA intracommunautaire: FR93 515 035 301 H\u00e9bergement OVH 2 rue Kellermann &#8211; 59100 &hellip; L\u00e9gales Lire la suite\u00a0\u00bb\" \/>\n<meta property=\"og:url\" content=\"https:\/\/www.airial-architectures.fr\/index.php\/legales\/\" \/>\n<meta property=\"og:site_name\" content=\"AIRIAL architectures\" \/>\n<meta property=\"article:modified_time\" content=\"2022-09-21T18:42:21+00:00\" \/>\n<meta name=\"twitter:card\" content=\"summary_large_image\" \/>\n<meta name=\"twitter:label1\" content=\"Dur\u00e9e de lecture estim\u00e9e\" \/>\n\t<meta name=\"twitter:data1\" content=\"2 minutes\" \/>\n<script type=\"application\/ld+json\" class=\"yoast-schema-graph\">{\"@context\":\"https:\/\/schema.org\",\"@graph\":[{\"@type\":\"WebPage\",\"@id\":\"https:\/\/www.airial-architectures.fr\/index.php\/legales\/\",\"url\":\"https:\/\/www.airial-architectures.fr\/index.php\/legales\/\",\"name\":\"L\u00e9gales - AIRIAL architectures\",\"isPartOf\":{\"@id\":\"http:\/\/www.airial-architectures.fr\/#website\"},\"datePublished\":\"2020-06-01T10:28:36+00:00\",\"dateModified\":\"2022-09-21T18:42:21+00:00\",\"breadcrumb\":{\"@id\":\"https:\/\/www.airial-architectures.fr\/index.php\/legales\/#breadcrumb\"},\"inLanguage\":\"fr-FR\",\"potentialAction\":[{\"@type\":\"ReadAction\",\"target\":[\"https:\/\/www.airial-architectures.fr\/index.php\/legales\/\"]}]},{\"@type\":\"BreadcrumbList\",\"@id\":\"https:\/\/www.airial-architectures.fr\/index.php\/legales\/#breadcrumb\",\"itemListElement\":[{\"@type\":\"ListItem\",\"position\":1,\"name\":\"Accueil\",\"item\":\"http:\/\/www.airial-architectures.fr\/\"},{\"@type\":\"ListItem\",\"position\":2,\"name\":\"L\u00e9gales\"}]},{\"@type\":\"WebSite\",\"@id\":\"http:\/\/www.airial-architectures.fr\/#website\",\"url\":\"http:\/\/www.airial-architectures.fr\/\",\"name\":\"AIRIAL architectures\",\"description\":\"R\u00e9novations &amp; qualit\u00e9s environnementales\",\"publisher\":{\"@id\":\"http:\/\/www.airial-architectures.fr\/#organization\"},\"potentialAction\":[{\"@type\":\"SearchAction\",\"target\":{\"@type\":\"EntryPoint\",\"urlTemplate\":\"http:\/\/www.airial-architectures.fr\/?s={search_term_string}\"},\"query-input\":\"required name=search_term_string\"}],\"inLanguage\":\"fr-FR\"},{\"@type\":\"Organization\",\"@id\":\"http:\/\/www.airial-architectures.fr\/#organization\",\"name\":\"AIRIAL architectures\",\"url\":\"http:\/\/www.airial-architectures.fr\/\",\"sameAs\":[\"https:\/\/www.linkedin.com\/in\/mathieu-cadic-29871abb\"],\"logo\":{\"@type\":\"ImageObject\",\"inLanguage\":\"fr-FR\",\"@id\":\"http:\/\/www.airial-architectures.fr\/#\/schema\/logo\/image\/\",\"url\":\"http:\/\/www.airial-architectures.fr\/wp-content\/uploads\/2020\/05\/cropped-AA-Logo-2015.jpg\",\"contentUrl\":\"http:\/\/www.airial-architectures.fr\/wp-content\/uploads\/2020\/05\/cropped-AA-Logo-2015.jpg\",\"width\":1131,\"height\":322,\"caption\":\"AIRIAL architectures\"},\"image\":{\"@id\":\"http:\/\/www.airial-architectures.fr\/#\/schema\/logo\/image\/\"}}]}<\/script>\n<!-- \/ Yoast SEO plugin. -->","yoast_head_json":{"title":"L\u00e9gales - AIRIAL architectures","robots":{"index":"index","follow":"follow","max-snippet":"max-snippet:-1","max-image-preview":"max-image-preview:large","max-video-preview":"max-video-preview:-1"},"canonical":"https:\/\/www.airial-architectures.fr\/index.php\/legales\/","og_locale":"fr_FR","og_type":"article","og_title":"L\u00e9gales - AIRIAL architectures","og_description":"Mentions l\u00e9gales Publication Directeur de publication: Mathieu Cadic airial@airial.archi +33 4 72 33 18 31 AIRIAL architectures 14 rue Martin &#8211; 69003 Lyon &#8211; France SARL au capital de 2 000 euros RCS Lyon 515 035 301 SIREN 515 035 301 00032 TVA intracommunautaire: FR93 515 035 301 H\u00e9bergement OVH 2 rue Kellermann &#8211; 59100 &hellip; L\u00e9gales Lire la suite\u00a0\u00bb","og_url":"https:\/\/www.airial-architectures.fr\/index.php\/legales\/","og_site_name":"AIRIAL architectures","article_modified_time":"2022-09-21T18:42:21+00:00","twitter_card":"summary_large_image","twitter_misc":{"Dur\u00e9e de lecture estim\u00e9e":"2 minutes"},"schema":{"@context":"https:\/\/schema.org","@graph":[{"@type":"WebPage","@id":"https:\/\/www.airial-architectures.fr\/index.php\/legales\/","url":"https:\/\/www.airial-architectures.fr\/index.php\/legales\/","name":"L\u00e9gales - AIRIAL architectures","isPartOf":{"@id":"http:\/\/www.airial-architectures.fr\/#website"},"datePublished":"2020-06-01T10:28:36+00:00","dateModified":"2022-09-21T18:42:21+00:00","breadcrumb":{"@id":"https:\/\/www.airial-architectures.fr\/index.php\/legales\/#breadcrumb"},"inLanguage":"fr-FR","potentialAction":[{"@type":"ReadAction","target":["https:\/\/www.airial-architectures.fr\/index.php\/legales\/"]}]},{"@type":"BreadcrumbList","@id":"https:\/\/www.airial-architectures.fr\/index.php\/legales\/#breadcrumb","itemListElement":[{"@type":"ListItem","position":1,"name":"Accueil","item":"http:\/\/www.airial-architectures.fr\/"},{"@type":"ListItem","position":2,"name":"L\u00e9gales"}]},{"@type":"WebSite","@id":"http:\/\/www.airial-architectures.fr\/#website","url":"http:\/\/www.airial-architectures.fr\/","name":"AIRIAL architectures","description":"R\u00e9novations &amp; qualit\u00e9s environnementales","publisher":{"@id":"http:\/\/www.airial-architectures.fr\/#organization"},"potentialAction":[{"@type":"SearchAction","target":{"@type":"EntryPoint","urlTemplate":"http:\/\/www.airial-architectures.fr\/?s={search_term_string}"},"query-input":"required name=search_term_string"}],"inLanguage":"fr-FR"},{"@type":"Organization","@id":"http:\/\/www.airial-architectures.fr\/#organization","name":"AIRIAL architectures","url":"http:\/\/www.airial-architectures.fr\/","sameAs":["https:\/\/www.linkedin.com\/in\/mathieu-cadic-29871abb"],"logo":{"@type":"ImageObject","inLanguage":"fr-FR","@id":"http:\/\/www.airial-architectures.fr\/#\/schema\/logo\/image\/","url":"http:\/\/www.airial-architectures.fr\/wp-content\/uploads\/2020\/05\/cropped-AA-Logo-2015.jpg","contentUrl":"http:\/\/www.airial-architectures.fr\/wp-content\/uploads\/2020\/05\/cropped-AA-Logo-2015.jpg","width":1131,"height":322,"caption":"AIRIAL architectures"},"image":{"@id":"http:\/\/www.airial-architectures.fr\/#\/schema\/logo\/image\/"}}]}},"_links":{"self":[{"href":"http:\/\/www.airial-architectures.fr\/index.php\/wp-json\/wp\/v2\/pages\/203","targetHints":{"allow":["GET"]}}],"collection":[{"href":"http:\/\/www.airial-architectures.fr\/index.php\/wp-json\/wp\/v2\/pages"}],"about":[{"href":"http:\/\/www.airial-architectures.fr\/index.php\/wp-json\/wp\/v2\/types\/page"}],"author":[{"embeddable":true,"href":"http:\/\/www.airial-architectures.fr\/index.php\/wp-json\/wp\/v2\/users\/1"}],"replies":[{"embeddable":true,"href":"http:\/\/www.airial-architectures.fr\/index.php\/wp-json\/wp\/v2\/comments?post=203"}],"version-history":[{"count":15,"href":"http:\/\/www.airial-architectures.fr\/index.php\/wp-json\/wp\/v2\/pages\/203\/revisions"}],"predecessor-version":[{"id":384,"href":"http:\/\/www.airial-architectures.fr\/index.php\/wp-json\/wp\/v2\/pages\/203\/revisions\/384"}],"wp:attachment":[{"href":"http:\/\/www.airial-architectures.fr\/index.php\/wp-json\/wp\/v2\/media?parent=203"}],"curies":[{"name":"wp","href":"https:\/\/api.w.org\/{rel}","templated":true}]}}